{"id":8,"date":"2023-02-15T17:49:52","date_gmt":"2023-02-15T20:49:52","guid":{"rendered":"https:\/\/pluginsds.com\/sites\/?page_id=8"},"modified":"2024-09-06T15:28:38","modified_gmt":"2024-09-06T18:28:38","slug":"sobre-mim","status":"publish","type":"page","link":"https:\/\/lidianeambrosio.com.br\/corretora\/sobre-mim\/","title":{"rendered":"Sobre Mim"},"content":{"rendered":"\t\t<div data-elementor-type=\"wp-page\" data-elementor-id=\"8\" class=\"elementor elementor-8\" data-elementor-post-type=\"page\">\n\t\t\t\t<div class=\"elementor-element elementor-element-a204269 e-flex e-con-boxed e-con e-parent\" data-id=\"a204269\" data-element_type=\"container\" data-settings=\"{&quot;background_background&quot;:&quot;classic&quot;}\">\n\t\t\t\t\t<div class=\"e-con-inner\">\n\t\t\t\t<div class=\"elementor-element elementor-element-a571e3a elementor-widget elementor-widget-heading\" data-id=\"a571e3a\" data-element_type=\"widget\" data-widget_type=\"heading.default\">\n\t\t\t\t<div class=\"elementor-widget-container\">\n\t\t\t<h2 class=\"elementor-heading-title elementor-size-default\">Sobre Mim<\/h2>\t\t<\/div>\n\t\t\t\t<\/div>\n\t\t\t\t\t<\/div>\n\t\t\t\t<\/div>\n\t\t<div class=\"elementor-element elementor-element-175a1e4 e-flex e-con-boxed e-con e-parent\" data-id=\"175a1e4\" data-element_type=\"container\">\n\t\t\t\t\t<div class=\"e-con-inner\">\n\t\t<div class=\"elementor-element elementor-element-26d3812 e-con-full e-flex e-con e-child\" data-id=\"26d3812\" data-element_type=\"container\">\n\t\t\t\t<div class=\"elementor-element elementor-element-ff70f94 elementor-widget elementor-widget-heading\" data-id=\"ff70f94\" data-element_type=\"widget\" data-widget_type=\"heading.default\">\n\t\t\t\t<div class=\"elementor-widget-container\">\n\t\t\t<h2 class=\"elementor-heading-title elementor-size-default\">Seja bem vindo<\/h2>\t\t<\/div>\n\t\t\t\t<\/div>\n\t\t\t\t<div class=\"elementor-element elementor-element-ce2fa44 elementor-widget elementor-widget-heading\" data-id=\"ce2fa44\" data-element_type=\"widget\" data-widget_type=\"heading.default\">\n\t\t\t\t<div class=\"elementor-widget-container\">\n\t\t\t<h2 class=\"elementor-heading-title elementor-size-default\">Quem Sou<\/h2>\t\t<\/div>\n\t\t\t\t<\/div>\n\t\t\t\t<div class=\"elementor-element elementor-element-e546dee elementor-widget elementor-widget-text-editor\" data-id=\"e546dee\" data-element_type=\"widget\" data-widget_type=\"text-editor.default\">\n\t\t\t\t<div class=\"elementor-widget-container\">\n\t\t\t\t\t\t\t<p>Ol\u00e1, voc\u00ea que j\u00e1 me conhece, sabe que atuo na advocacia h\u00e1 alguns anos.<\/p><p>Agora estou agregando mais um cap\u00edtulo na minha hist\u00f3ria profissional.<\/p><p>Me tornei corretora imobili\u00e1ria.<\/p><p>E \u00e9 com imenso prazer que coloco-me \u00e0 disposi\u00e7\u00e3o de voc\u00ea, cliente, que tem interesse em vender ou comprar um im\u00f3vel no Estado de Minas Gerais.<\/p><p>Conte comigo!<\/p>\t\t\t\t\t\t<\/div>\n\t\t\t\t<\/div>\n\t\t\t\t<\/div>\n\t\t<div class=\"elementor-element elementor-element-74f4108 e-con-full e-flex e-con e-child\" data-id=\"74f4108\" data-element_type=\"container\">\n\t\t\t\t<div class=\"elementor-element elementor-element-fe48e57 elementor-widget elementor-widget-image\" data-id=\"fe48e57\" data-element_type=\"widget\" data-widget_type=\"image.default\">\n\t\t\t\t<div class=\"elementor-widget-container\">\n\t\t\t\t\t\t\t\t\t\t\t\t\t<img fetchpriority=\"high\" decoding=\"async\" width=\"737\" height=\"1024\" src=\"https:\/\/lidianeambrosio.com.br\/corretora\/wp-content\/uploads\/2024\/09\/31cdfb6a-278f-4cd5-8b1c-353e7f992619.png\" class=\"attachment-full size-full wp-image-1045\" alt=\"\" srcset=\"https:\/\/lidianeambrosio.com.br\/corretora\/wp-content\/uploads\/2024\/09\/31cdfb6a-278f-4cd5-8b1c-353e7f992619.png 737w, https:\/\/lidianeambrosio.com.br\/corretora\/wp-content\/uploads\/2024\/09\/31cdfb6a-278f-4cd5-8b1c-353e7f992619-216x300.png 216w\" sizes=\"(max-width: 737px) 100vw, 737px\" \/>\t\t\t\t\t\t\t\t\t\t\t\t\t<\/div>\n\t\t\t\t<\/div>\n\t\t\t\t<\/div>\n\t\t\t\t\t<\/div>\n\t\t\t\t<\/div>\n\t\t<div class=\"elementor-element elementor-element-e860f5e e-flex e-con-boxed e-con e-parent\" data-id=\"e860f5e\" data-element_type=\"container\">\n\t\t\t\t\t<div class=\"e-con-inner\">\n\t\t\t\t<div class=\"elementor-element elementor-element-f170e55 elementor-widget elementor-widget-heading\" data-id=\"f170e55\" data-element_type=\"widget\" data-widget_type=\"heading.default\">\n\t\t\t\t<div class=\"elementor-widget-container\">\n\t\t\t<h2 class=\"elementor-heading-title elementor-size-default\">Meu Diferencial\n<\/h2>\t\t<\/div>\n\t\t\t\t<\/div>\n\t\t<div class=\"elementor-element elementor-element-e3b6d6a e-flex e-con-boxed e-con e-child\" data-id=\"e3b6d6a\" data-element_type=\"container\">\n\t\t\t\t\t<div class=\"e-con-inner\">\n\t\t\t\t<div class=\"elementor-element elementor-element-af534b6 elementor-widget__width-initial elementor-widget-mobile__width-inherit elementor-position-top elementor-widget elementor-widget-image-box\" data-id=\"af534b6\" data-element_type=\"widget\" data-widget_type=\"image-box.default\">\n\t\t\t\t<div class=\"elementor-widget-container\">\n\t\t\t<div class=\"elementor-image-box-wrapper\"><figure class=\"elementor-image-box-img\"><img decoding=\"async\" width=\"545\" height=\"524\" src=\"https:\/\/lidianeambrosio.com.br\/corretora\/wp-content\/uploads\/2023\/02\/icon-c-home-branco-1.svg\" class=\"attachment-full size-full wp-image-625\" alt=\"\" \/><\/figure><div class=\"elementor-image-box-content\"><h3 class=\"elementor-image-box-title\">Maior Carteira<\/h3><p class=\"elementor-image-box-description\">A maior vitrine de im\u00f3veis de Muria\u00e9 com  im\u00f3veis ativos para vendas ou aluguel.\n\n<\/p><\/div><\/div>\t\t<\/div>\n\t\t\t\t<\/div>\n\t\t\t\t<div class=\"elementor-element elementor-element-bbdb266 elementor-widget__width-initial elementor-widget-mobile__width-inherit elementor-position-top elementor-widget elementor-widget-image-box\" data-id=\"bbdb266\" data-element_type=\"widget\" data-widget_type=\"image-box.default\">\n\t\t\t\t<div class=\"elementor-widget-container\">\n\t\t\t<div class=\"elementor-image-box-wrapper\"><figure class=\"elementor-image-box-img\"><img decoding=\"async\" width=\"512\" height=\"512\" src=\"https:\/\/lidianeambrosio.com.br\/corretora\/wp-content\/uploads\/2023\/02\/premio.svg\" class=\"attachment-full size-full wp-image-626\" alt=\"\" \/><\/figure><div class=\"elementor-image-box-content\"><h3 class=\"elementor-image-box-title\">Tradi\u00e7\u00e3o<\/h3><p class=\"elementor-image-box-description\">35 anos de mercado, mais de 100 mil contratos administrados e o menor \u00edndice de inadimpl\u00eancia do segmento\n\n<\/p><\/div><\/div>\t\t<\/div>\n\t\t\t\t<\/div>\n\t\t\t\t<div class=\"elementor-element elementor-element-a344e76 elementor-widget__width-initial elementor-widget-mobile__width-inherit elementor-position-top elementor-widget elementor-widget-image-box\" data-id=\"a344e76\" data-element_type=\"widget\" data-widget_type=\"image-box.default\">\n\t\t\t\t<div class=\"elementor-widget-container\">\n\t\t\t<div class=\"elementor-image-box-wrapper\"><figure class=\"elementor-image-box-img\"><img loading=\"lazy\" decoding=\"async\" width=\"512\" height=\"512\" src=\"https:\/\/lidianeambrosio.com.br\/corretora\/wp-content\/uploads\/2023\/02\/tendencia.svg\" class=\"attachment-full size-full wp-image-627\" alt=\"\" \/><\/figure><div class=\"elementor-image-box-content\"><h3 class=\"elementor-image-box-title\">Modernidade<\/h3><p class=\"elementor-image-box-description\">Sempre investindo em inova\u00e7\u00e3o, facilitando processos e melhorando a experi\u00eancia dos nossos clientes\n\n<\/p><\/div><\/div>\t\t<\/div>\n\t\t\t\t<\/div>\n\t\t\t\t\t<\/div>\n\t\t\t\t<\/div>\n\t\t\t\t<div class=\"elementor-element elementor-element-e44d4c0 elementor-widget elementor-widget-heading\" data-id=\"e44d4c0\" data-element_type=\"widget\" data-widget_type=\"heading.default\">\n\t\t\t\t<div class=\"elementor-widget-container\">\n\t\t\t<h2 class=\"elementor-heading-title elementor-size-default\">Venha Fazer uma Visita\n<\/h2>\t\t<\/div>\n\t\t\t\t<\/div>\n\t\t\t\t<div class=\"elementor-element elementor-element-8c7bd82 elementor-widget elementor-widget-google_maps\" data-id=\"8c7bd82\" data-element_type=\"widget\" data-widget_type=\"google_maps.default\">\n\t\t\t\t<div class=\"elementor-widget-container\">\n\t\t\t\t\t<div class=\"elementor-custom-embed\">\n\t\t\t<iframe loading=\"lazy\"\n\t\t\t\t\tsrc=\"https:\/\/maps.google.com\/maps?q=Muria%C3%A9&#038;t=m&#038;z=17&#038;output=embed&#038;iwloc=near\"\n\t\t\t\t\ttitle=\"Muria\u00e9\"\n\t\t\t\t\taria-label=\"Muria\u00e9\"\n\t\t\t><\/iframe>\n\t\t<\/div>\n\t\t\t\t<\/div>\n\t\t\t\t<\/div>\n\t\t\t\t\t<\/div>\n\t\t\t\t<\/div>\n\t\t\t\t<\/div>\n\t\t","protected":false},"excerpt":{"rendered":"<p>Sobre Mim Seja bem vindo Quem Sou Ol\u00e1, voc\u00ea que j\u00e1 me conhece, sabe que atuo na advocacia h\u00e1 alguns anos. Agora estou agregando mais um cap\u00edtulo na minha hist\u00f3ria profissional. Me tornei corretora imobili\u00e1ria. E \u00e9 com imenso prazer que coloco-me \u00e0 disposi\u00e7\u00e3o de voc\u00ea, cliente, que tem interesse em vender ou comprar um [&hellip;]<\/p>\n","protected":false},"author":2,"featured_media":0,"parent":0,"menu_order":0,"comment_status":"closed","ping_status":"closed","template":"elementor_header_footer","meta":{"_joinchat":[],"footnotes":""},"class_list":["post-8","page","type-page","status-publish","hentry"],"_links":{"self":[{"href":"https:\/\/lidianeambrosio.com.br\/corretora\/wp-json\/wp\/v2\/pages\/8"}],"collection":[{"href":"https:\/\/lidianeambrosio.com.br\/corretora\/wp-json\/wp\/v2\/pages"}],"about":[{"href":"https:\/\/lidianeambrosio.com.br\/corretora\/wp-json\/wp\/v2\/types\/page"}],"author":[{"embeddable":true,"href":"https:\/\/lidianeambrosio.com.br\/corretora\/wp-json\/wp\/v2\/users\/2"}],"replies":[{"embeddable":true,"href":"https:\/\/lidianeambrosio.com.br\/corretora\/wp-json\/wp\/v2\/comments?post=8"}],"version-history":[{"count":43,"href":"https:\/\/lidianeambrosio.com.br\/corretora\/wp-json\/wp\/v2\/pages\/8\/revisions"}],"predecessor-version":[{"id":1057,"href":"https:\/\/lidianeambrosio.com.br\/corretora\/wp-json\/wp\/v2\/pages\/8\/revisions\/1057"}],"wp:attachment":[{"href":"https:\/\/lidianeambrosio.com.br\/corretora\/wp-json\/wp\/v2\/media?parent=8"}],"curies":[{"name":"wp","href":"https:\/\/api.w.org\/{rel}","templated":true}]}}